{"id":24,"date":"2026-02-07T13:06:12","date_gmt":"2026-02-07T12:06:12","guid":{"rendered":"https:\/\/optikstudio-reuhl.plus3.serverdomain.org\/?page_id=24"},"modified":"2026-03-19T15:08:05","modified_gmt":"2026-03-19T14:08:05","slug":"unsere-lieferante","status":"publish","type":"page","link":"http:\/\/optikstudio-reuhl.de\/?page_id=24","title":{"rendered":"Unsere Lieferanten"},"content":{"rendered":"\n<p>Wir arbeiten mit ausgew\u00e4hlten Fassungslieferanten zusammen, die eine gro\u00dfe Auswahl an verschiedenen modischen Brillenfassungen bieten und f\u00fcr eine besonders gute Qualit\u00e4t stehen. Eine Brille muss nicht nur sch\u00f6n sein, sie muss auch genau zum Tr\u00e4ger passen und nat\u00fcrlich auch zu den augenoptischen Gegebenheiten des Tr\u00e4gers. F\u00fcr einige Brillenst\u00e4rken gibt es optimal geschnittene Brillenfassungen, damit die Brillengl\u00e4ser am Ende m\u00f6glichst d\u00fcnn und unauff\u00e4llig sind.<\/p>\n\n\n\n<p><strong>Bei uns im Optikstudio finden Sie alles, was Sie f\u00fcr anspruchsvolles Sehen und \u00bbGesehen werden\u00ab&nbsp; ben\u00f6tigen.<\/strong><br>Neben einer gro\u00dfen Auswahl an Fassungen f\u00fchren wir st\u00e4ndig die aktuellste Brillenmode.<br>Kommen Sie zum Staunen, St\u00f6bern, Kaufen\u2026 und lassen sich von uns und unseren Brillen inspirieren. Wir f\u00fchren Brillenfassungen dieser Hersteller:<\/p>\n\n\n\n<div class=\"wp-block-group is-layout-constrained wp-block-group-is-layout-constrained\">\n<div class=\"wp-block-group is-layout-grid wp-container-core-group-is-layout-478b6e6b wp-block-group-is-layout-grid\">\n<p>MarcO Polo<\/p>\n\n\n\n<p>Minadi<\/p>\n\n\n\n<p>Cinque<\/p>\n\n\n\n<p>Roy Robsen<\/p>\n\n\n\n<p>S Oliver<\/p>\n\n\n\n<p>Louis Belgium<\/p>\n\n\n\n<p>Rudys Project<\/p>\n\n\n\n<p>Lieblingsteil<\/p>\n\n\n\n<p>Change Me<\/p>\n\n\n\n<p>Eye Max<\/p>\n\n\n\n<p>Nika<\/p>\n\n\n\n<p>nine Eyewear<\/p>\n\n\n\n<p>OE<\/p>\n\n\n\n<p>Freigeist<\/p>\n\n\n\n<p>Imago Eyewear<\/p>\n\n\n\n<p class=\"wp-container-content-69bc4bdf\">Ray-Ban Smart<\/p>\n<\/div>\n<\/div>\n\n\n\n<div class=\"wp-block-uagb-container uagb-block-5d91a8d7 alignfull uagb-is-root-container\"><div class=\"uagb-container-inner-blocks-wrap\">\n<div class=\"wp-block-uagb-container uagb-block-3782c5cf\">\n<div class=\"wp-block-uagb-image uagb-block-6bc99154 wp-block-uagb-image--layout-default wp-block-uagb-image--effect-static wp-block-uagb-image--align-none\"><figure class=\"wp-block-uagb-image__figure\"><img decoding=\"async\" srcset=\"http:\/\/optikstudio-reuhl.plus3.serverdomain.org\/wp-content\/uploads\/2026\/03\/Vistan-Kollektion-2.png ,http:\/\/optikstudio-reuhl.plus3.serverdomain.org\/wp-content\/uploads\/2026\/03\/Vistan-Kollektion-2.png 780w, http:\/\/optikstudio-reuhl.plus3.serverdomain.org\/wp-content\/uploads\/2026\/03\/Vistan-Kollektion-2.png 360w\" sizes=\"auto, (max-width: 480px) 150px\" src=\"http:\/\/optikstudio-reuhl.plus3.serverdomain.org\/wp-content\/uploads\/2026\/03\/Vistan-Kollektion-2.png\" alt=\"\" class=\"uag-image-1186\" width=\"517\" height=\"383\" title=\"Vistan Kollektion\" loading=\"lazy\" role=\"img\"\/><\/figure><\/div>\n<\/div>\n\n\n\n<div class=\"wp-block-uagb-container uagb-block-bebb230d\">\n<div class=\"wp-block-uagb-image uagb-block-41907020 wp-block-uagb-image--layout-default wp-block-uagb-image--effect-static wp-block-uagb-image--align-none\"><figure class=\"wp-block-uagb-image__figure\"><img decoding=\"async\" srcset=\"http:\/\/optikstudio-reuhl.plus3.serverdomain.org\/wp-content\/uploads\/2026\/03\/Nine-2.jpg ,http:\/\/optikstudio-reuhl.plus3.serverdomain.org\/wp-content\/uploads\/2026\/03\/Nine-2.jpg 780w, http:\/\/optikstudio-reuhl.plus3.serverdomain.org\/wp-content\/uploads\/2026\/03\/Nine-2.jpg 360w\" sizes=\"auto, (max-width: 480px) 150px\" src=\"http:\/\/optikstudio-reuhl.plus3.serverdomain.org\/wp-content\/uploads\/2026\/03\/Nine-2.jpg\" alt=\"\" class=\"uag-image-1185\" width=\"580\" height=\"382\" title=\"Nine\" loading=\"lazy\" role=\"img\"\/><\/figure><\/div>\n<\/div>\n<\/div><\/div>\n","protected":false},"excerpt":{"rendered":"<p>Wir arbeiten mit ausgew\u00e4hlten Fassungslieferanten zusammen, die eine gro\u00dfe Auswahl an verschiedenen modischen Brillenfassungen bieten und f\u00fcr eine besonders gute [&hellip;]<\/p>\n","protected":false},"author":2,"featured_media":0,"parent":0,"menu_order":0,"comment_status":"closed","ping_status":"closed","template":"","meta":{"_uag_custom_page_level_css":"","site-sidebar-layout":"default","site-content-layout":"","ast-site-content-layout":"default","site-content-style":"default","site-sidebar-style":"default","ast-global-header-display":"","ast-banner-title-visibility":"","ast-main-header-display":"","ast-hfb-above-header-display":"","ast-hfb-below-header-display":"","ast-hfb-mobile-header-display":"","site-post-title":"","ast-breadcrumbs-content":"","ast-featured-img":"","footer-sml-layout":"","ast-disable-related-posts":"","theme-transparent-header-meta":"","adv-header-id-meta":"","stick-header-meta":"","header-above-stick-meta":"","header-main-stick-meta":"","header-below-stick-meta":"","astra-migrate-meta-layouts":"default","ast-page-background-enabled":"default","ast-page-background-meta":{"desktop":{"background-color":"var(--ast-global-color-5)","background-image":"","background-repeat":"repeat","background-position":"center center","background-size":"auto","background-attachment":"scroll","background-type":"","background-media":"","overlay-type":"","overlay-color":"","overlay-opacity":"","overlay-gradient":""},"tablet":{"background-color":"","background-image":"","background-repeat":"repeat","background-position":"center center","background-size":"auto","background-attachment":"scroll","background-type":"","background-media":"","overlay-type":"","overlay-color":"","overlay-opacity":"","overlay-gradient":""},"mobile":{"background-color":"","background-image":"","background-repeat":"repeat","background-position":"center center","background-size":"auto","background-attachment":"scroll","background-type":"","background-media":"","overlay-type":"","overlay-color":"","overlay-opacity":"","overlay-gradient":""}},"ast-content-background-meta":{"desktop":{"background-color":"var(--ast-global-color-4)","background-image":"","background-repeat":"repeat","background-position":"center center","background-size":"auto","background-attachment":"scroll","background-type":"","background-media":"","overlay-type":"","overlay-color":"","overlay-opacity":"","overlay-gradient":""},"tablet":{"background-color":"var(--ast-global-color-4)","background-image":"","background-repeat":"repeat","background-position":"center center","background-size":"auto","background-attachment":"scroll","background-type":"","background-media":"","overlay-type":"","overlay-color":"","overlay-opacity":"","overlay-gradient":""},"mobile":{"background-color":"var(--ast-global-color-4)","background-image":"","background-repeat":"repeat","background-position":"center center","background-size":"auto","background-attachment":"scroll","background-type":"","background-media":"","overlay-type":"","overlay-color":"","overlay-opacity":"","overlay-gradient":""}},"footnotes":""},"class_list":["post-24","page","type-page","status-publish","hentry"],"uagb_featured_image_src":{"full":false,"thumbnail":false,"medium":false,"medium_large":false,"large":false,"1536x1536":false,"2048x2048":false},"uagb_author_info":{"display_name":"Floh","author_link":"http:\/\/optikstudio-reuhl.de\/?author=2"},"uagb_comment_info":0,"uagb_excerpt":"Wir arbeiten mit ausgew\u00e4hlten Fassungslieferanten zusammen, die eine gro\u00dfe Auswahl an verschiedenen modischen Brillenfassungen bieten und f\u00fcr eine besonders gute [&hellip;]","_links":{"self":[{"href":"http:\/\/optikstudio-reuhl.de\/index.php?rest_route=\/wp\/v2\/pages\/24","targetHints":{"allow":["GET"]}}],"collection":[{"href":"http:\/\/optikstudio-reuhl.de\/index.php?rest_route=\/wp\/v2\/pages"}],"about":[{"href":"http:\/\/optikstudio-reuhl.de\/index.php?rest_route=\/wp\/v2\/types\/page"}],"author":[{"embeddable":true,"href":"http:\/\/optikstudio-reuhl.de\/index.php?rest_route=\/wp\/v2\/users\/2"}],"replies":[{"embeddable":true,"href":"http:\/\/optikstudio-reuhl.de\/index.php?rest_route=%2Fwp%2Fv2%2Fcomments&post=24"}],"version-history":[{"count":16,"href":"http:\/\/optikstudio-reuhl.de\/index.php?rest_route=\/wp\/v2\/pages\/24\/revisions"}],"predecessor-version":[{"id":1320,"href":"http:\/\/optikstudio-reuhl.de\/index.php?rest_route=\/wp\/v2\/pages\/24\/revisions\/1320"}],"wp:attachment":[{"href":"http:\/\/optikstudio-reuhl.de\/index.php?rest_route=%2Fwp%2Fv2%2Fmedia&parent=24"}],"curies":[{"name":"wp","href":"https:\/\/api.w.org\/{rel}","templated":true}]}}